{"id":1245,"date":"2026-04-04T07:36:46","date_gmt":"2026-04-04T07:36:46","guid":{"rendered":"https:\/\/taicoqui.com\/contacto\/"},"modified":"2026-04-05T08:36:50","modified_gmt":"2026-04-05T08:36:50","slug":"contacto","status":"publish","type":"page","link":"https:\/\/taicoqui.com\/es\/contacto\/","title":{"rendered":"Contacto"},"content":{"rendered":"\t\t<div data-elementor-type=\"wp-page\" data-elementor-id=\"1245\" class=\"elementor elementor-1245 elementor-1203\">\n\t\t\t\t<div class=\"elementor-element elementor-element-dbeab37 e-flex e-con-boxed e-con e-parent\" data-id=\"dbeab37\" data-element_type=\"container\" data-e-type=\"container\">\n\t\t\t\t\t<div class=\"e-con-inner\">\n\t\t\t\t<div class=\"elementor-element elementor-element-b720ac4 elementor-widget elementor-widget-heading\" data-id=\"b720ac4\" data-element_type=\"widget\" data-e-type=\"widget\" data-widget_type=\"heading.default\">\n\t\t\t\t\t<h2 class=\"elementor-heading-title elementor-size-default\">Solicitar Informaci\u00f3n<\/h2>\t\t\t\t<\/div>\n\t\t\t\t<div class=\"elementor-element elementor-element-4fe1394 elementor-widget elementor-widget-text-editor\" data-id=\"4fe1394\" data-element_type=\"widget\" data-e-type=\"widget\" data-widget_type=\"text-editor.default\">\n\t\t\t\t\t\t\t\t\tPara m\u00e1s informaci\u00f3n o para explorar oportunidades de colaboraci\u00f3n, complete el formulario a continuaci\u00f3n.\t\t\t\t\t\t\t\t<\/div>\n\t\t\t\t<div class=\"elementor-element elementor-element-cc2b125 form_en elementor-widget elementor-widget-shortcode\" data-id=\"cc2b125\" data-element_type=\"widget\" data-e-type=\"widget\" data-widget_type=\"shortcode.default\">\n\t\t\t\t\t\t\t<div class=\"elementor-shortcode\"><div class=\"forminator-ui forminator-custom-form forminator-custom-form-1217 forminator-design--default  forminator_ajax\" data-forminator-render=\"0\" data-form=\"forminator-module-1217\" data-uid=\"6a04e4c4e9d45\"><br\/><\/div><form\n\t\t\t\tid=\"forminator-module-1217\"\n\t\t\t\tclass=\"forminator-ui forminator-custom-form forminator-custom-form-1217 forminator-design--default  forminator_ajax\"\n\t\t\t\tmethod=\"post\"\n\t\t\t\tdata-forminator-render=\"0\"\n\t\t\t\tdata-form-id=\"1217\"\n\t\t\t\t data-color-option=\"theme\" data-design=\"default\" data-grid=\"open\" style=\"display: none;\"\n\t\t\t\tdata-uid=\"6a04e4c4e9d45\"\n\t\t\t><div role=\"alert\" aria-live=\"polite\" class=\"forminator-response-message forminator-error\" aria-hidden=\"true\"><\/div><div class=\"forminator-row\"><div id=\"name-1\" class=\"forminator-field-name forminator-col forminator-col-6 \"><div class=\"forminator-field\"><label for=\"forminator-field-name-1_6a04e4c4e9d45\" id=\"forminator-field-name-1_6a04e4c4e9d45-label\" class=\"forminator-label\">Full Name <span class=\"forminator-required\">*<\/span><\/label><input type=\"text\" name=\"name-1\" value=\"\" placeholder=\"\" id=\"forminator-field-name-1_6a04e4c4e9d45\" class=\"forminator-input forminator-name--field\" aria-required=\"true\" autocomplete=\"name\" \/><\/div><\/div><div id=\"phone-1\" class=\"forminator-field-phone forminator-col forminator-col-6 \"><div class=\"forminator-field\"><label for=\"forminator-field-phone-1_6a04e4c4e9d45\" id=\"forminator-field-phone-1_6a04e4c4e9d45-label\" class=\"forminator-label\">Phone number <span class=\"forminator-required\">*<\/span><\/label><input type=\"text\" name=\"phone-1\" value=\"\" placeholder=\"\" id=\"forminator-field-phone-1_6a04e4c4e9d45\" class=\"forminator-input forminator-field--phone\" data-required=\"1\" aria-required=\"true\" autocomplete=\"off\" \/><\/div><\/div><\/div><div class=\"forminator-row\"><div id=\"name-2\" class=\"forminator-field-name forminator-col forminator-col-6 \"><div class=\"forminator-field\"><label for=\"forminator-field-name-2_6a04e4c4e9d45\" id=\"forminator-field-name-2_6a04e4c4e9d45-label\" class=\"forminator-label\">Company \/ Organization<\/label><input type=\"text\" name=\"name-2\" value=\"\" placeholder=\"\" id=\"forminator-field-name-2_6a04e4c4e9d45\" class=\"forminator-input forminator-name--field\" aria-required=\"false\" autocomplete=\"name\" \/><\/div><\/div><div id=\"email-1\" class=\"forminator-field-email forminator-col forminator-col-6 \"><div class=\"forminator-field\"><label for=\"forminator-field-email-1_6a04e4c4e9d45\" id=\"forminator-field-email-1_6a04e4c4e9d45-label\" class=\"forminator-label\">Email <span class=\"forminator-required\">*<\/span><\/label><input type=\"email\" name=\"email-1\" value=\"\" placeholder=\"\" id=\"forminator-field-email-1_6a04e4c4e9d45\" class=\"forminator-input forminator-email--field\" data-required=\"true\" aria-required=\"true\" autocomplete=\"email\" \/><\/div><\/div><\/div><div class=\"forminator-row\"><div id=\"select-1\" class=\"forminator-field-select forminator-col forminator-col-12 \"><div class=\"forminator-field\"><label for=\"forminator-form-1217__field--select-1_6a04e4c4e9d45\" id=\"forminator-form-1217__field--select-1_6a04e4c4e9d45-label\" class=\"forminator-label\">Rate of interest<\/label><select  id=\"forminator-form-1217__field--select-1_6a04e4c4e9d45\" class=\"forminator-select--field forminator-select2 forminator-select2-multiple\" data-required=\"\" name=\"select-1\" data-default-value=\"\" data-hidden-behavior=\"zero\" data-placeholder=\"\" data-search=\"false\" data-search-placeholder=\"\" data-checkbox=\"false\" data-allow-clear=\"false\" aria-labelledby=\"forminator-form-1217__field--select-1_6a04e4c4e9d45-label\"><option value=\"one\"  data-calculation=\"0\">Farmer<\/option><option value=\"two\"  data-calculation=\"0\">Enterprise<\/option><option value=\"Inversionista\"  data-calculation=\"0\">Investor<\/option><option value=\"Instituci\u00f3n\"  data-calculation=\"0\">Institution<\/option><option value=\"Otro\"  data-calculation=\"0\">Other<\/option><\/select><\/div><\/div><\/div><div class=\"forminator-row\"><div id=\"textarea-1\" class=\"forminator-field-textarea forminator-col forminator-col-12 \"><div class=\"forminator-field\"><label for=\"forminator-field-textarea-1_6a04e4c4e9d45\" id=\"forminator-field-textarea-1_6a04e4c4e9d45-label\" class=\"forminator-label\">Message \/ Inquiry<\/label><span id=\"forminator-field-textarea-1_6a04e4c4e9d45-description\" class=\"forminator-description\"><span data-limit=\"180\" data-type=\"characters\" data-editor=\"\">0 \/ 180<\/span><\/span><textarea name=\"textarea-1\" placeholder=\"\" id=\"forminator-field-textarea-1_6a04e4c4e9d45\" class=\"forminator-textarea\" rows=\"6\" style=\"--forminator-textarea-min-height:140px;\" maxlength=\"180\" ><\/textarea><\/div><\/div><\/div><input type=\"hidden\" name=\"referer_url\" value=\"\" \/><div class=\"forminator-row forminator-row-last\"><div class=\"forminator-col\"><div class=\"forminator-field\"><button class=\"forminator-button forminator-button-submit\">Send<\/button><\/div><\/div><\/div><input type=\"hidden\" id=\"forminator_nonce\" name=\"forminator_nonce\" value=\"350c4115d6\" \/><input type=\"hidden\" name=\"_wp_http_referer\" value=\"\/es\/wp-json\/wp\/v2\/pages\/1245\" \/><input type=\"hidden\" name=\"form_id\" value=\"1217\"><input type=\"hidden\" name=\"page_id\" value=\"1245\"><input type=\"hidden\" name=\"form_type\" value=\"default\"><input type=\"hidden\" name=\"current_url\" value=\"https:\/\/taicoqui.com\/es\/contacto\/\"><input type=\"hidden\" name=\"render_id\" value=\"0\"><input type=\"hidden\" name=\"action\" value=\"forminator_submit_form_custom-forms\"><\/form><\/div>\n\t\t\t\t\t\t<\/div>\n\t\t\t\t<div class=\"elementor-element elementor-element-eedc6b9 form_es elementor-widget elementor-widget-shortcode\" data-id=\"eedc6b9\" data-element_type=\"widget\" data-e-type=\"widget\" data-widget_type=\"shortcode.default\">\n\t\t\t\t\t\t\t<div class=\"elementor-shortcode\"><div class=\"forminator-ui forminator-custom-form forminator-custom-form-1556 forminator-design--default  forminator_ajax\" data-forminator-render=\"0\" data-form=\"forminator-module-1556\" data-uid=\"6a04e4c4eb993\"><br\/><\/div><form\n\t\t\t\tid=\"forminator-module-1556\"\n\t\t\t\tclass=\"forminator-ui forminator-custom-form forminator-custom-form-1556 forminator-design--default  forminator_ajax\"\n\t\t\t\tmethod=\"post\"\n\t\t\t\tdata-forminator-render=\"0\"\n\t\t\t\tdata-form-id=\"1556\"\n\t\t\t\t data-color-option=\"theme\" data-design=\"default\" data-grid=\"open\" style=\"display: none;\"\n\t\t\t\tdata-uid=\"6a04e4c4eb993\"\n\t\t\t><div role=\"alert\" aria-live=\"polite\" class=\"forminator-response-message forminator-error\" aria-hidden=\"true\"><\/div><div class=\"forminator-row\"><div id=\"name-1\" class=\"forminator-field-name forminator-col forminator-col-6 \"><div class=\"forminator-field\"><label for=\"forminator-field-name-1_6a04e4c4eb993\" id=\"forminator-field-name-1_6a04e4c4eb993-label\" class=\"forminator-label\">Nombre completo <span class=\"forminator-required\">*<\/span><\/label><input type=\"text\" name=\"name-1\" value=\"\" placeholder=\"\" id=\"forminator-field-name-1_6a04e4c4eb993\" class=\"forminator-input forminator-name--field\" aria-required=\"true\" autocomplete=\"name\" \/><\/div><\/div><div id=\"phone-1\" class=\"forminator-field-phone forminator-col forminator-col-6 \"><div class=\"forminator-field\"><label for=\"forminator-field-phone-1_6a04e4c4eb993\" id=\"forminator-field-phone-1_6a04e4c4eb993-label\" class=\"forminator-label\">N\u00famero de tel\u00e9fono <span class=\"forminator-required\">*<\/span><\/label><input type=\"text\" name=\"phone-1\" value=\"\" placeholder=\"\" id=\"forminator-field-phone-1_6a04e4c4eb993\" class=\"forminator-input forminator-field--phone\" data-required=\"1\" aria-required=\"true\" autocomplete=\"off\" \/><\/div><\/div><\/div><div class=\"forminator-row\"><div id=\"name-2\" class=\"forminator-field-name forminator-col forminator-col-6 \"><div class=\"forminator-field\"><label for=\"forminator-field-name-2_6a04e4c4eb993\" id=\"forminator-field-name-2_6a04e4c4eb993-label\" class=\"forminator-label\">Empresa\/Organizaci\u00f3n<\/label><input type=\"text\" name=\"name-2\" value=\"\" placeholder=\"\" id=\"forminator-field-name-2_6a04e4c4eb993\" class=\"forminator-input forminator-name--field\" aria-required=\"false\" autocomplete=\"name\" \/><\/div><\/div><div id=\"email-1\" class=\"forminator-field-email forminator-col forminator-col-6 \"><div class=\"forminator-field\"><label for=\"forminator-field-email-1_6a04e4c4eb993\" id=\"forminator-field-email-1_6a04e4c4eb993-label\" class=\"forminator-label\">Correo electr\u00f3nico <span class=\"forminator-required\">*<\/span><\/label><input type=\"email\" name=\"email-1\" value=\"\" placeholder=\"\" id=\"forminator-field-email-1_6a04e4c4eb993\" class=\"forminator-input forminator-email--field\" data-required=\"true\" aria-required=\"true\" autocomplete=\"email\" \/><\/div><\/div><\/div><div class=\"forminator-row\"><div id=\"select-1\" class=\"forminator-field-select forminator-col forminator-col-12 \"><div class=\"forminator-field\"><label for=\"forminator-form-1556__field--select-1_6a04e4c4eb993\" id=\"forminator-form-1556__field--select-1_6a04e4c4eb993-label\" class=\"forminator-label\">Tipo de inter\u00e9s<\/label><select  id=\"forminator-form-1556__field--select-1_6a04e4c4eb993\" class=\"forminator-select--field forminator-select2 forminator-select2-multiple\" data-required=\"\" name=\"select-1\" data-default-value=\"\" data-hidden-behavior=\"zero\" data-placeholder=\"\" data-search=\"false\" data-search-placeholder=\"\" data-checkbox=\"false\" data-allow-clear=\"false\" aria-labelledby=\"forminator-form-1556__field--select-1_6a04e4c4eb993-label\"><option value=\"Agricultora\"  data-calculation=\"0\">Agricultora<\/option><option value=\"Empresa\"  data-calculation=\"0\">Empresa<\/option><option value=\"Inversora\"  data-calculation=\"0\">Inversora<\/option><option value=\"Instituci\u00f3n\"  data-calculation=\"0\">Institution<\/option><option value=\"Otro\"  data-calculation=\"0\">Other<\/option><\/select><\/div><\/div><\/div><div class=\"forminator-row\"><div id=\"textarea-1\" class=\"forminator-field-textarea forminator-col forminator-col-12 \"><div class=\"forminator-field\"><label for=\"forminator-field-textarea-1_6a04e4c4eb993\" id=\"forminator-field-textarea-1_6a04e4c4eb993-label\" class=\"forminator-label\">Mensaje \/ Consulta<\/label><span id=\"forminator-field-textarea-1_6a04e4c4eb993-description\" class=\"forminator-description\"><span data-limit=\"180\" data-type=\"characters\" data-editor=\"\">0 \/ 180<\/span><\/span><textarea name=\"textarea-1\" placeholder=\"\" id=\"forminator-field-textarea-1_6a04e4c4eb993\" class=\"forminator-textarea\" rows=\"6\" style=\"--forminator-textarea-min-height:140px;\" maxlength=\"180\" ><\/textarea><\/div><\/div><\/div><input type=\"hidden\" name=\"referer_url\" value=\"\" \/><div class=\"forminator-row forminator-row-last\"><div class=\"forminator-col\"><div class=\"forminator-field\"><button class=\"forminator-button forminator-button-submit\">Enviar<\/button><\/div><\/div><\/div><input type=\"hidden\" id=\"forminator_nonce\" name=\"forminator_nonce\" value=\"616d80d81f\" \/><input type=\"hidden\" name=\"_wp_http_referer\" value=\"\/es\/wp-json\/wp\/v2\/pages\/1245\" \/><input type=\"hidden\" name=\"form_id\" value=\"1556\"><input type=\"hidden\" name=\"page_id\" value=\"1245\"><input type=\"hidden\" name=\"form_type\" value=\"default\"><input type=\"hidden\" name=\"current_url\" value=\"https:\/\/taicoqui.com\/es\/contacto\/\"><input type=\"hidden\" name=\"render_id\" value=\"0\"><input type=\"hidden\" name=\"action\" value=\"forminator_submit_form_custom-forms\"><\/form><\/div>\n\t\t\t\t\t\t<\/div>\n\t\t\t\t\t<\/div>\n\t\t\t\t<\/div>\n\t\t\t\t<\/div>\n\t\t","protected":false},"excerpt":{"rendered":"<p>Solicitar Informaci\u00f3n Para m\u00e1s informaci\u00f3n o para explorar oportunidades de colaboraci\u00f3n, complete el formulario a continuaci\u00f3n.<\/p>\n","protected":false},"author":1,"featured_media":0,"parent":0,"menu_order":0,"comment_status":"closed","ping_status":"closed","template":"","meta":{"footnotes":""},"class_list":["post-1245","page","type-page","status-publish","hentry"],"_hostinger_reach_plugin_has_subscription_block":false,"_hostinger_reach_plugin_is_elementor":false,"_links":{"self":[{"href":"https:\/\/taicoqui.com\/es\/wp-json\/wp\/v2\/pages\/1245","targetHints":{"allow":["GET"]}}],"collection":[{"href":"https:\/\/taicoqui.com\/es\/wp-json\/wp\/v2\/pages"}],"about":[{"href":"https:\/\/taicoqui.com\/es\/wp-json\/wp\/v2\/types\/page"}],"author":[{"embeddable":true,"href":"https:\/\/taicoqui.com\/es\/wp-json\/wp\/v2\/users\/1"}],"replies":[{"embeddable":true,"href":"https:\/\/taicoqui.com\/es\/wp-json\/wp\/v2\/comments?post=1245"}],"version-history":[{"count":3,"href":"https:\/\/taicoqui.com\/es\/wp-json\/wp\/v2\/pages\/1245\/revisions"}],"predecessor-version":[{"id":1567,"href":"https:\/\/taicoqui.com\/es\/wp-json\/wp\/v2\/pages\/1245\/revisions\/1567"}],"wp:attachment":[{"href":"https:\/\/taicoqui.com\/es\/wp-json\/wp\/v2\/media?parent=1245"}],"curies":[{"name":"wp","href":"https:\/\/api.w.org\/{rel}","templated":true}]}}