{"id":1247,"date":"2026-03-31T09:20:24","date_gmt":"2026-03-31T09:20:24","guid":{"rendered":"https:\/\/taicoqui.com\/fase-2\/"},"modified":"2026-04-06T09:47:49","modified_gmt":"2026-04-06T09:47:49","slug":"fase-2","status":"publish","type":"page","link":"https:\/\/taicoqui.com\/es\/fase-2\/","title":{"rendered":"Fase 2"},"content":{"rendered":"\t\t<div data-elementor-type=\"wp-page\" data-elementor-id=\"1247\" class=\"elementor elementor-1247 elementor-40\">\n\t\t\t\t<div class=\"elementor-element elementor-element-6884926 e-flex e-con-boxed e-con e-parent\" data-id=\"6884926\" data-element_type=\"container\" data-e-type=\"container\" data-settings=\"{&quot;background_background&quot;:&quot;classic&quot;}\">\n\t\t\t\t\t<div class=\"e-con-inner\">\n\t\t\t\t<div class=\"elementor-element elementor-element-8788486 elementor-widget elementor-widget-heading\" data-id=\"8788486\" data-element_type=\"widget\" data-e-type=\"widget\" data-widget_type=\"heading.default\">\n\t\t\t\t\t<h2 class=\"elementor-heading-title elementor-size-default\">Coordinaci\u00f3n, procesamiento y acceso al mercado<\/h2>\t\t\t\t<\/div>\n\t\t\t\t<div class=\"elementor-element elementor-element-50a4898 elementor-widget elementor-widget-heading\" data-id=\"50a4898\" data-element_type=\"widget\" data-e-type=\"widget\" data-widget_type=\"heading.default\">\n\t\t\t\t\t<h2 class=\"elementor-heading-title elementor-size-default\">Esta fase se centra en la coordinaci\u00f3n de la producci\u00f3n, la habilitaci\u00f3n de capacidades de procesamiento y la conexi\u00f3n de la producci\u00f3n agr\u00edcola con mercados reales y capital.<\/h2>\t\t\t\t<\/div>\n\t\t<div class=\"elementor-element elementor-element-436990c e-con-full e-flex e-con e-child\" data-id=\"436990c\" data-element_type=\"container\" data-e-type=\"container\">\n\t\t\t\t<div class=\"elementor-element elementor-element-3e095b0 elementor-widget elementor-widget-button\" data-id=\"3e095b0\" data-element_type=\"widget\" data-e-type=\"widget\" data-widget_type=\"button.default\">\n\t\t\t\t\t\t\t\t\t\t<a class=\"elementor-button elementor-button-link elementor-size-sm\" href=\"https:\/\/taicoqui.com\/es\/contacto\/\" id=\"btn__svg__size\">\n\t\t\t\t\t\t<span class=\"elementor-button-content-wrapper\">\n\t\t\t\t\t\t<span class=\"elementor-button-icon\">\n\t\t\t\t<svg xmlns=\"http:\/\/www.w3.org\/2000\/svg\" width=\"32\" height=\"32\" viewBox=\"0 0 32 32\" fill=\"none\"><rect width=\"32\" height=\"32\" rx=\"16\" fill=\"#ADBF3E\"><\/rect><path d=\"M25.7071 16.7071C26.0976 16.3166 26.0976 15.6834 25.7071 15.2929L19.3431 8.92893C18.9526 8.53841 18.3195 8.53841 17.9289 8.92893C17.5384 9.31946 17.5384 9.95262 17.9289 10.3431L23.5858 16L17.9289 21.6569C17.5384 22.0474 17.5384 22.6805 17.9289 23.0711C18.3195 23.4616 18.9526 23.4616 19.3431 23.0711L25.7071 16.7071ZM7 16V17H25V16V15H7V16Z\" fill=\"black\"><\/path><\/svg>\t\t\t<\/span>\n\t\t\t\t\t\t\t\t\t<span class=\"elementor-button-text\">Solicitar Informaci\u00f3n<\/span>\n\t\t\t\t\t<\/span>\n\t\t\t\t\t<\/a>\n\t\t\t\t\t\t\t\t<\/div>\n\t\t\t\t<\/div>\n\t\t\t\t\t<\/div>\n\t\t\t\t<\/div>\n\t\t<div class=\"elementor-element elementor-element-ddebf0a e-flex e-con-boxed e-con e-parent\" data-id=\"ddebf0a\" data-element_type=\"container\" data-e-type=\"container\" data-settings=\"{&quot;background_background&quot;:&quot;classic&quot;}\">\n\t\t\t\t\t<div class=\"e-con-inner\">\n\t\t<div class=\"elementor-element elementor-element-1b06966 e-con-full e-flex e-con e-child\" data-id=\"1b06966\" data-element_type=\"container\" data-e-type=\"container\">\n\t\t<div class=\"elementor-element elementor-element-d6a2394 e-con-full e-flex e-con e-child\" data-id=\"d6a2394\" data-element_type=\"container\" data-e-type=\"container\">\n\t\t\t\t<div class=\"elementor-element elementor-element-330d00a elementor-widget elementor-widget-heading\" data-id=\"330d00a\" data-element_type=\"widget\" data-e-type=\"widget\" data-widget_type=\"heading.default\">\n\t\t\t\t\t<h2 class=\"elementor-heading-title elementor-size-default\">Fase 2<\/h2>\t\t\t\t<\/div>\n\t\t\t\t<div class=\"elementor-element elementor-element-3d953fa elementor-widget elementor-widget-heading\" data-id=\"3d953fa\" data-element_type=\"widget\" data-e-type=\"widget\" data-widget_type=\"heading.default\">\n\t\t\t\t\t<h2 class=\"elementor-heading-title elementor-size-default\">Objetivos<\/h2>\t\t\t\t<\/div>\n\t\t\t\t<\/div>\n\t\t<div class=\"elementor-element elementor-element-956ce68 e-con-full e-flex e-con e-child\" data-id=\"956ce68\" data-element_type=\"container\" data-e-type=\"container\">\n\t\t\t\t<div class=\"elementor-element elementor-element-9c56ce8 elementor-widget elementor-widget-text-editor\" data-id=\"9c56ce8\" data-element_type=\"widget\" data-e-type=\"widget\" data-widget_type=\"text-editor.default\">\n\t\t\t\t\t\t\t\t\tLa fase 2 activa los datos de producci\u00f3n validados en una ejecuci\u00f3n coordinada. Conectamos a inversores con oportunidades para:\t\t\t\t\t\t\t\t<\/div>\n\t\t\t\t<\/div>\n\t\t\t\t<\/div>\n\t\t<div class=\"elementor-element elementor-element-a08bed4 e-con-full e-flex e-con e-child\" data-id=\"a08bed4\" data-element_type=\"container\" data-e-type=\"container\">\n\t\t<div class=\"elementor-element elementor-element-0b9817e e-con-full e-flex e-con e-child\" data-id=\"0b9817e\" data-element_type=\"container\" data-e-type=\"container\" data-settings=\"{&quot;background_background&quot;:&quot;classic&quot;}\">\n\t\t\t\t<div class=\"elementor-element elementor-element-0694deb elementor-widget elementor-widget-heading\" data-id=\"0694deb\" data-element_type=\"widget\" data-e-type=\"widget\" data-widget_type=\"heading.default\">\n\t\t\t\t\t<h2 class=\"elementor-heading-title elementor-size-default\">Asegurar financiaci\u00f3n para proyectos de desarrollo<\/h2>\t\t\t\t<\/div>\n\t\t\t\t<\/div>\n\t\t<div class=\"elementor-element elementor-element-7d4064f e-con-full e-flex e-con e-child\" data-id=\"7d4064f\" data-element_type=\"container\" data-e-type=\"container\" data-settings=\"{&quot;background_background&quot;:&quot;classic&quot;}\">\n\t\t\t\t<div class=\"elementor-element elementor-element-4ab4926 elementor-widget elementor-widget-heading\" data-id=\"4ab4926\" data-element_type=\"widget\" data-e-type=\"widget\" data-widget_type=\"heading.default\">\n\t\t\t\t\t<h2 class=\"elementor-heading-title elementor-size-default\">Alinear capital con inversiones cualificadas<\/h2>\t\t\t\t<\/div>\n\t\t\t\t<\/div>\n\t\t<div class=\"elementor-element elementor-element-85319d7 e-con-full e-flex e-con e-child\" data-id=\"85319d7\" data-element_type=\"container\" data-e-type=\"container\" data-settings=\"{&quot;background_background&quot;:&quot;classic&quot;}\">\n\t\t\t\t<div class=\"elementor-element elementor-element-f43b328 elementor-widget elementor-widget-heading\" data-id=\"f43b328\" data-element_type=\"widget\" data-e-type=\"widget\" data-widget_type=\"heading.default\">\n\t\t\t\t\t<h2 class=\"elementor-heading-title elementor-size-default\">Apoyar la ejecuci\u00f3n y el crecimiento de proyectos<\/h2>\t\t\t\t<\/div>\n\t\t\t\t<\/div>\n\t\t<div class=\"elementor-element elementor-element-3f7e54a e-con-full e-flex e-con e-child\" data-id=\"3f7e54a\" data-element_type=\"container\" data-e-type=\"container\" data-settings=\"{&quot;background_background&quot;:&quot;classic&quot;}\">\n\t\t\t\t<div class=\"elementor-element elementor-element-21cdcf5 elementor-widget elementor-widget-heading\" data-id=\"21cdcf5\" data-element_type=\"widget\" data-e-type=\"widget\" data-widget_type=\"heading.default\">\n\t\t\t\t\t<h2 class=\"elementor-heading-title elementor-size-default\">Fortalecer alianzas de inversi\u00f3n a largo plazo<\/h2>\t\t\t\t<\/div>\n\t\t\t\t<\/div>\n\t\t\t\t<\/div>\n\t\t\t\t\t<\/div>\n\t\t\t\t<\/div>\n\t\t<div class=\"elementor-element elementor-element-be0795e e-flex e-con-boxed e-con e-parent\" data-id=\"be0795e\" data-element_type=\"container\" data-e-type=\"container\">\n\t\t\t\t\t<div class=\"e-con-inner\">\n\t\t<div class=\"elementor-element elementor-element-4051824 e-con-full e-flex e-con e-child\" data-id=\"4051824\" data-element_type=\"container\" data-e-type=\"container\" data-settings=\"{&quot;background_background&quot;:&quot;classic&quot;}\">\n\t\t\t\t<\/div>\n\t\t<div class=\"elementor-element elementor-element-0a28dce e-con-full e-flex e-con e-child\" data-id=\"0a28dce\" data-element_type=\"container\" data-e-type=\"container\">\n\t\t\t\t<div class=\"elementor-element elementor-element-a81ede3 elementor-widget elementor-widget-heading\" data-id=\"a81ede3\" data-element_type=\"widget\" data-e-type=\"widget\" data-widget_type=\"heading.default\">\n\t\t\t\t\t<h2 class=\"elementor-heading-title elementor-size-default\">Actualmente no existe un sistema unificado para:<\/h2>\t\t\t\t<\/div>\n\t\t<div class=\"elementor-element elementor-element-d0066a5 e-con-full e-flex e-con e-child\" data-id=\"d0066a5\" data-element_type=\"container\" data-e-type=\"container\">\n\t\t<div class=\"elementor-element elementor-element-6008b69 e-con-full e-flex e-con e-child\" data-id=\"6008b69\" data-element_type=\"container\" data-e-type=\"container\" data-settings=\"{&quot;background_background&quot;:&quot;classic&quot;}\">\n\t\t\t\t<div class=\"elementor-element elementor-element-c6b7509 elementor-widget elementor-widget-heading\" data-id=\"c6b7509\" data-element_type=\"widget\" data-e-type=\"widget\" data-widget_type=\"heading.default\">\n\t\t\t\t\t<h2 class=\"elementor-heading-title elementor-size-default\">Agregar el volumen de producci\u00f3n<\/h2>\t\t\t\t<\/div>\n\t\t\t\t<\/div>\n\t\t<div class=\"elementor-element elementor-element-a3a6926 e-con-full e-flex e-con e-child\" data-id=\"a3a6926\" data-element_type=\"container\" data-e-type=\"container\" data-settings=\"{&quot;background_background&quot;:&quot;classic&quot;}\">\n\t\t\t\t<div class=\"elementor-element elementor-element-dc6ab20 elementor-widget elementor-widget-heading\" data-id=\"dc6ab20\" data-element_type=\"widget\" data-e-type=\"widget\" data-widget_type=\"heading.default\">\n\t\t\t\t\t<h2 class=\"elementor-heading-title elementor-size-default\">Validar la capacidad regional<\/h2>\t\t\t\t<\/div>\n\t\t\t\t<\/div>\n\t\t\t\t<\/div>\n\t\t<div class=\"elementor-element elementor-element-0bb9092 e-con-full e-flex e-con e-child\" data-id=\"0bb9092\" data-element_type=\"container\" data-e-type=\"container\">\n\t\t<div class=\"elementor-element elementor-element-fdb0aa6 e-con-full e-flex e-con e-child\" data-id=\"fdb0aa6\" data-element_type=\"container\" data-e-type=\"container\" data-settings=\"{&quot;background_background&quot;:&quot;classic&quot;}\">\n\t\t\t\t<div class=\"elementor-element elementor-element-758618f elementor-widget elementor-widget-heading\" data-id=\"758618f\" data-element_type=\"widget\" data-e-type=\"widget\" data-widget_type=\"heading.default\">\n\t\t\t\t\t<h2 class=\"elementor-heading-title elementor-size-default\">Crear un flujo econ\u00f3mico predecible<\/h2>\t\t\t\t<\/div>\n\t\t\t\t<\/div>\n\t\t<div class=\"elementor-element elementor-element-49f7825 e-con-full e-flex e-con e-child\" data-id=\"49f7825\" data-element_type=\"container\" data-e-type=\"container\" data-settings=\"{&quot;background_background&quot;:&quot;classic&quot;}\">\n\t\t\t\t<div class=\"elementor-element elementor-element-6b80b73 elementor-widget elementor-widget-heading\" data-id=\"6b80b73\" data-element_type=\"widget\" data-e-type=\"widget\" data-widget_type=\"heading.default\">\n\t\t\t\t\t<h2 class=\"elementor-heading-title elementor-size-default\">Alineaci\u00f3n de mercado y coordinaci\u00f3n de la demanda<\/h2>\t\t\t\t<\/div>\n\t\t\t\t<\/div>\n\t\t\t\t<\/div>\n\t\t\t\t<div class=\"elementor-element elementor-element-1d2154a elementor-widget elementor-widget-heading\" data-id=\"1d2154a\" data-element_type=\"widget\" data-e-type=\"widget\" data-widget_type=\"heading.default\">\n\t\t\t\t\t<h2 class=\"elementor-heading-title elementor-size-default\">Qu\u00e9 Activa la Fase 2:<\/h2>\t\t\t\t<\/div>\n\t\t<div class=\"elementor-element elementor-element-0667978 e-con-full e-flex e-con e-child\" data-id=\"0667978\" data-element_type=\"container\" data-e-type=\"container\">\n\t\t<div class=\"elementor-element elementor-element-91626cd e-con-full e-flex e-con e-child\" data-id=\"91626cd\" data-element_type=\"container\" data-e-type=\"container\" data-settings=\"{&quot;background_background&quot;:&quot;classic&quot;}\">\n\t\t\t\t<div class=\"elementor-element elementor-element-acfa13a elementor-widget elementor-widget-heading\" data-id=\"acfa13a\" data-element_type=\"widget\" data-e-type=\"widget\" data-widget_type=\"heading.default\">\n\t\t\t\t\t<h2 class=\"elementor-heading-title elementor-size-default\">Capacidad de producci\u00f3n mensual por cultivo<\/h2>\t\t\t\t<\/div>\n\t\t\t\t<\/div>\n\t\t<div class=\"elementor-element elementor-element-cb31335 e-con-full e-flex e-con e-child\" data-id=\"cb31335\" data-element_type=\"container\" data-e-type=\"container\" data-settings=\"{&quot;background_background&quot;:&quot;classic&quot;}\">\n\t\t\t\t<div class=\"elementor-element elementor-element-cc923fe elementor-widget elementor-widget-heading\" data-id=\"cc923fe\" data-element_type=\"widget\" data-e-type=\"widget\" data-widget_type=\"heading.default\">\n\t\t\t\t\t<h2 class=\"elementor-heading-title elementor-size-default\">Estacionalidad de la producci\u00f3n<\/h2>\t\t\t\t<\/div>\n\t\t\t\t<\/div>\n\t\t\t\t<\/div>\n\t\t<div class=\"elementor-element elementor-element-e592ec5 e-con-full e-flex e-con e-child\" data-id=\"e592ec5\" data-element_type=\"container\" data-e-type=\"container\">\n\t\t<div class=\"elementor-element elementor-element-b12dd48 e-con-full e-flex e-con e-child\" data-id=\"b12dd48\" data-element_type=\"container\" data-e-type=\"container\" data-settings=\"{&quot;background_background&quot;:&quot;classic&quot;}\">\n\t\t\t\t<div class=\"elementor-element elementor-element-4f1d590 elementor-widget elementor-widget-heading\" data-id=\"4f1d590\" data-element_type=\"widget\" data-e-type=\"widget\" data-widget_type=\"heading.default\">\n\t\t\t\t\t<h2 class=\"elementor-heading-title elementor-size-default\">Volumen excedente<\/h2>\t\t\t\t<\/div>\n\t\t\t\t<\/div>\n\t\t<div class=\"elementor-element elementor-element-d74e758 e-con-full e-flex e-con e-child\" data-id=\"d74e758\" data-element_type=\"container\" data-e-type=\"container\" data-settings=\"{&quot;background_background&quot;:&quot;classic&quot;}\">\n\t\t\t\t<div class=\"elementor-element elementor-element-2ea8b05 elementor-widget elementor-widget-heading\" data-id=\"2ea8b05\" data-element_type=\"widget\" data-e-type=\"widget\" data-widget_type=\"heading.default\">\n\t\t\t\t\t<h2 class=\"elementor-heading-title elementor-size-default\">Infraestructura disponible<\/h2>\t\t\t\t<\/div>\n\t\t\t\t<\/div>\n\t\t\t\t<\/div>\n\t\t<div class=\"elementor-element elementor-element-5b7c52c e-con-full e-flex e-con e-child\" data-id=\"5b7c52c\" data-element_type=\"container\" data-e-type=\"container\">\n\t\t<div class=\"elementor-element elementor-element-21d055c e-con-full e-flex e-con e-child\" data-id=\"21d055c\" data-element_type=\"container\" data-e-type=\"container\" data-settings=\"{&quot;background_background&quot;:&quot;classic&quot;}\">\n\t\t\t\t<div class=\"elementor-element elementor-element-e768703 elementor-widget elementor-widget-heading\" data-id=\"e768703\" data-element_type=\"widget\" data-e-type=\"widget\" data-widget_type=\"heading.default\">\n\t\t\t\t\t<h2 class=\"elementor-heading-title elementor-size-default\">Preparaci\u00f3n operativa<\/h2>\t\t\t\t<\/div>\n\t\t\t\t<\/div>\n\t\t<div class=\"elementor-element elementor-element-0dda5cd e-con-full e-flex e-con e-child\" data-id=\"0dda5cd\" data-element_type=\"container\" data-e-type=\"container\" data-settings=\"{&quot;background_background&quot;:&quot;classic&quot;}\">\n\t\t\t\t<div class=\"elementor-element elementor-element-c4ea9d0 elementor-widget elementor-widget-heading\" data-id=\"c4ea9d0\" data-element_type=\"widget\" data-e-type=\"widget\" data-widget_type=\"heading.default\">\n\t\t\t\t\t<h2 class=\"elementor-heading-title elementor-size-default\">Preparaci\u00f3n para distribuci\u00f3n y enrutamiento coordinados<\/h2>\t\t\t\t<\/div>\n\t\t\t\t<\/div>\n\t\t\t\t<\/div>\n\t\t\t\t<\/div>\n\t\t\t\t\t<\/div>\n\t\t\t\t<\/div>\n\t\t<div class=\"elementor-element elementor-element-58ed2a5 e-flex e-con-boxed e-con e-parent\" data-id=\"58ed2a5\" data-element_type=\"container\" data-e-type=\"container\" data-settings=\"{&quot;background_background&quot;:&quot;classic&quot;}\">\n\t\t\t\t\t<div class=\"e-con-inner\">\n\t\t\t\t<div class=\"elementor-element elementor-element-fc09416 elementor-widget elementor-widget-heading\" data-id=\"fc09416\" data-element_type=\"widget\" data-e-type=\"widget\" data-widget_type=\"heading.default\">\n\t\t\t\t\t<h2 class=\"elementor-heading-title elementor-size-default\">Confidencial por Dise\u00f1o<\/h2>\t\t\t\t<\/div>\n\t\t\t\t<div class=\"elementor-element elementor-element-a028621 elementor-widget elementor-widget-text-editor\" data-id=\"a028621\" data-element_type=\"widget\" data-e-type=\"widget\" data-widget_type=\"text-editor.default\">\n\t\t\t\t\t\t\t\t\tToda la informaci\u00f3n recopilada se utiliza exclusivamente para an\u00e1lisis estructural. Los datos de productores individuales no se publicar\u00e1n ni compartir\u00e1n p\u00fablicamente.\t\t\t\t\t\t\t\t<\/div>\n\t\t\t\t\t<\/div>\n\t\t\t\t<\/div>\n\t\t<div class=\"elementor-element elementor-element-aedd950 e-flex e-con-boxed e-con e-parent\" data-id=\"aedd950\" data-element_type=\"container\" data-e-type=\"container\" data-settings=\"{&quot;background_background&quot;:&quot;classic&quot;}\">\n\t\t\t\t\t<div class=\"e-con-inner\">\n\t\t<div class=\"elementor-element elementor-element-e6122ac e-con-full e-flex e-con e-child\" data-id=\"e6122ac\" data-element_type=\"container\" data-e-type=\"container\">\n\t\t\t\t<div class=\"elementor-element elementor-element-10da963 elementor-widget elementor-widget-heading\" data-id=\"10da963\" data-element_type=\"widget\" data-e-type=\"widget\" data-widget_type=\"heading.default\">\n\t\t\t\t\t<h2 class=\"elementor-heading-title elementor-size-default\">\u00bfEst\u00e1 interesado en colaborar o en obtener m\u00e1s informaci\u00f3n sobre esta fase?<\/h2>\t\t\t\t<\/div>\n\t\t\t\t<div class=\"elementor-element elementor-element-880254c elementor-widget elementor-widget-text-editor\" data-id=\"880254c\" data-element_type=\"widget\" data-e-type=\"widget\" data-widget_type=\"text-editor.default\">\n\t\t\t\t\t\t\t\t\tPara obtener m\u00e1s informaci\u00f3n sobre la Fase 2, asociaciones u oportunidades de coordinaci\u00f3n, env\u00ede su informaci\u00f3n a trav\u00e9s del siguiente formulario.\t\t\t\t\t\t\t\t<\/div>\n\t\t\t\t<\/div>\n\t\t<div class=\"elementor-element elementor-element-9e20f19 e-con-full e-flex e-con e-child\" data-id=\"9e20f19\" data-element_type=\"container\" data-e-type=\"container\">\n\t\t\t\t<div class=\"elementor-element elementor-element-f1b0923 elementor-widget elementor-widget-button\" data-id=\"f1b0923\" data-element_type=\"widget\" data-e-type=\"widget\" data-widget_type=\"button.default\">\n\t\t\t\t\t\t\t\t\t\t<a class=\"elementor-button elementor-button-link elementor-size-sm\" href=\"https:\/\/taicoqui.com\/es\/contacto\/\" id=\"btn__svg__size\">\n\t\t\t\t\t\t<span class=\"elementor-button-content-wrapper\">\n\t\t\t\t\t\t<span class=\"elementor-button-icon\">\n\t\t\t\t<svg xmlns=\"http:\/\/www.w3.org\/2000\/svg\" width=\"32\" height=\"32\" viewBox=\"0 0 32 32\" fill=\"none\"><rect width=\"32\" height=\"32\" rx=\"16\" fill=\"#ADBF3E\"><\/rect><path d=\"M25.7071 16.7071C26.0976 16.3166 26.0976 15.6834 25.7071 15.2929L19.3431 8.92893C18.9526 8.53841 18.3195 8.53841 17.9289 8.92893C17.5384 9.31946 17.5384 9.95262 17.9289 10.3431L23.5858 16L17.9289 21.6569C17.5384 22.0474 17.5384 22.6805 17.9289 23.0711C18.3195 23.4616 18.9526 23.4616 19.3431 23.0711L25.7071 16.7071ZM7 16V17H25V16V15H7V16Z\" fill=\"black\"><\/path><\/svg>\t\t\t<\/span>\n\t\t\t\t\t\t\t\t\t<span class=\"elementor-button-text\">Solicitar Informaci\u00f3n<\/span>\n\t\t\t\t\t<\/span>\n\t\t\t\t\t<\/a>\n\t\t\t\t\t\t\t\t<\/div>\n\t\t\t\t<\/div>\n\t\t\t\t\t<\/div>\n\t\t\t\t<\/div>\n\t\t\t\t<\/div>\n\t\t","protected":false},"excerpt":{"rendered":"<p>Coordinaci\u00f3n, procesamiento y acceso al mercado Esta fase se centra en la coordinaci\u00f3n de la producci\u00f3n, la habilitaci\u00f3n de capacidades de procesamiento y la conexi\u00f3n de la producci\u00f3n agr\u00edcola con mercados reales y capital. Solicitar Informaci\u00f3n Fase 2 Objetivos La fase 2 activa los datos de producci\u00f3n validados en una ejecuci\u00f3n coordinada. Conectamos a inversores [&hellip;]<\/p>\n","protected":false},"author":1,"featured_media":0,"parent":0,"menu_order":0,"comment_status":"closed","ping_status":"closed","template":"","meta":{"footnotes":""},"class_list":["post-1247","page","type-page","status-publish","hentry"],"_hostinger_reach_plugin_has_subscription_block":false,"_hostinger_reach_plugin_is_elementor":false,"_links":{"self":[{"href":"https:\/\/taicoqui.com\/es\/wp-json\/wp\/v2\/pages\/1247","targetHints":{"allow":["GET"]}}],"collection":[{"href":"https:\/\/taicoqui.com\/es\/wp-json\/wp\/v2\/pages"}],"about":[{"href":"https:\/\/taicoqui.com\/es\/wp-json\/wp\/v2\/types\/page"}],"author":[{"embeddable":true,"href":"https:\/\/taicoqui.com\/es\/wp-json\/wp\/v2\/users\/1"}],"replies":[{"embeddable":true,"href":"https:\/\/taicoqui.com\/es\/wp-json\/wp\/v2\/comments?post=1247"}],"version-history":[{"count":7,"href":"https:\/\/taicoqui.com\/es\/wp-json\/wp\/v2\/pages\/1247\/revisions"}],"predecessor-version":[{"id":1652,"href":"https:\/\/taicoqui.com\/es\/wp-json\/wp\/v2\/pages\/1247\/revisions\/1652"}],"wp:attachment":[{"href":"https:\/\/taicoqui.com\/es\/wp-json\/wp\/v2\/media?parent=1247"}],"curies":[{"name":"wp","href":"https:\/\/api.w.org\/{rel}","templated":true}]}}