{"id":1251,"date":"2026-03-31T09:19:55","date_gmt":"2026-03-31T09:19:55","guid":{"rendered":"https:\/\/taicoqui.com\/fase-1\/"},"modified":"2026-04-05T16:07:58","modified_gmt":"2026-04-05T16:07:58","slug":"fase-1","status":"publish","type":"page","link":"https:\/\/taicoqui.com\/es\/fase-1\/","title":{"rendered":"Fase 1"},"content":{"rendered":"\t\t<div data-elementor-type=\"wp-page\" data-elementor-id=\"1251\" class=\"elementor elementor-1251 elementor-38\">\n\t\t\t\t<div class=\"elementor-element elementor-element-1cb6272 e-flex e-con-boxed e-con e-parent\" data-id=\"1cb6272\" data-element_type=\"container\" data-e-type=\"container\" data-settings=\"{&quot;background_background&quot;:&quot;classic&quot;}\">\n\t\t\t\t\t<div class=\"e-con-inner\">\n\t\t\t\t<div class=\"elementor-element elementor-element-7d05cbd elementor-widget elementor-widget-heading\" data-id=\"7d05cbd\" data-element_type=\"widget\" data-e-type=\"widget\" data-widget_type=\"heading.default\">\n\t\t\t\t\t<h2 class=\"elementor-heading-title elementor-size-default\">Mapeo estructural agr\u00edcola<\/h2>\t\t\t\t<\/div>\n\t\t\t\t<div class=\"elementor-element elementor-element-56fec3e elementor-widget elementor-widget-heading\" data-id=\"56fec3e\" data-element_type=\"widget\" data-e-type=\"widget\" data-widget_type=\"heading.default\">\n\t\t\t\t\t<h2 class=\"elementor-heading-title elementor-size-default\">Estamos recopilando datos de productores agr\u00edcolas activos de todo Puerto Rico para comprender la capacidad real de producci\u00f3n.<\/h2>\t\t\t\t<\/div>\n\t\t<div class=\"elementor-element elementor-element-64908a9 e-con-full e-flex e-con e-child\" data-id=\"64908a9\" data-element_type=\"container\" data-e-type=\"container\">\n\t\t\t\t<div class=\"elementor-element elementor-element-a54375d elementor-widget elementor-widget-button\" data-id=\"a54375d\" data-element_type=\"widget\" data-e-type=\"widget\" data-widget_type=\"button.default\">\n\t\t\t\t\t\t\t\t\t\t<a class=\"elementor-button elementor-button-link elementor-size-sm\" href=\"https:\/\/taicoqui.com\/es\/formulario-de-microsoft\/\" id=\"btn__svg__size\">\n\t\t\t\t\t\t<span class=\"elementor-button-content-wrapper\">\n\t\t\t\t\t\t<span class=\"elementor-button-icon\">\n\t\t\t\t<svg xmlns=\"http:\/\/www.w3.org\/2000\/svg\" width=\"32\" height=\"32\" viewBox=\"0 0 32 32\" fill=\"none\"><rect width=\"32\" height=\"32\" rx=\"16\" fill=\"white\"><\/rect><path d=\"M25.7071 16.7071C26.0976 16.3166 26.0976 15.6834 25.7071 15.2929L19.3431 8.92893C18.9526 8.53841 18.3195 8.53841 17.9289 8.92893C17.5384 9.31946 17.5384 9.95262 17.9289 10.3431L23.5858 16L17.9289 21.6569C17.5384 22.0474 17.5384 22.6805 17.9289 23.0711C18.3195 23.4616 18.9526 23.4616 19.3431 23.0711L25.7071 16.7071ZM7 16V17H25V16V15H7V16Z\" fill=\"black\"><\/path><\/svg>\t\t\t<\/span>\n\t\t\t\t\t\t\t\t\t<span class=\"elementor-button-text\">Participar en el Mapeo Agr\u00edcola<\/span>\n\t\t\t\t\t<\/span>\n\t\t\t\t\t<\/a>\n\t\t\t\t\t\t\t\t<\/div>\n\t\t\t\t<div class=\"elementor-element elementor-element-b7ec955 elementor-widget elementor-widget-button\" data-id=\"b7ec955\" data-element_type=\"widget\" data-e-type=\"widget\" data-widget_type=\"button.default\">\n\t\t\t\t\t\t\t\t\t\t<a class=\"elementor-button elementor-button-link elementor-size-sm\" href=\"https:\/\/taicoqui.com\/es\/contacto\/\" id=\"btn__svg__size\">\n\t\t\t\t\t\t<span class=\"elementor-button-content-wrapper\">\n\t\t\t\t\t\t<span class=\"elementor-button-icon\">\n\t\t\t\t<svg xmlns=\"http:\/\/www.w3.org\/2000\/svg\" width=\"32\" height=\"32\" viewBox=\"0 0 32 32\" fill=\"none\"><rect width=\"32\" height=\"32\" rx=\"16\" fill=\"#ADBF3E\"><\/rect><path d=\"M25.7071 16.7071C26.0976 16.3166 26.0976 15.6834 25.7071 15.2929L19.3431 8.92893C18.9526 8.53841 18.3195 8.53841 17.9289 8.92893C17.5384 9.31946 17.5384 9.95262 17.9289 10.3431L23.5858 16L17.9289 21.6569C17.5384 22.0474 17.5384 22.6805 17.9289 23.0711C18.3195 23.4616 18.9526 23.4616 19.3431 23.0711L25.7071 16.7071ZM7 16V17H25V16V15H7V16Z\" fill=\"black\"><\/path><\/svg>\t\t\t<\/span>\n\t\t\t\t\t\t\t\t\t<span class=\"elementor-button-text\">Solicitar Informaci\u00f3n<\/span>\n\t\t\t\t\t<\/span>\n\t\t\t\t\t<\/a>\n\t\t\t\t\t\t\t\t<\/div>\n\t\t\t\t<\/div>\n\t\t\t\t\t<\/div>\n\t\t\t\t<\/div>\n\t\t<div class=\"elementor-element elementor-element-5af0e06 e-flex e-con-boxed e-con e-parent\" data-id=\"5af0e06\" data-element_type=\"container\" data-e-type=\"container\" data-settings=\"{&quot;background_background&quot;:&quot;classic&quot;}\">\n\t\t\t\t\t<div class=\"e-con-inner\">\n\t\t<div class=\"elementor-element elementor-element-c3bbb0f e-con-full e-flex e-con e-child\" data-id=\"c3bbb0f\" data-element_type=\"container\" data-e-type=\"container\">\n\t\t<div class=\"elementor-element elementor-element-44c8307 e-con-full e-flex e-con e-child\" data-id=\"44c8307\" data-element_type=\"container\" data-e-type=\"container\">\n\t\t\t\t<div class=\"elementor-element elementor-element-c6d1461 elementor-widget elementor-widget-heading\" data-id=\"c6d1461\" data-element_type=\"widget\" data-e-type=\"widget\" data-widget_type=\"heading.default\">\n\t\t\t\t\t<h2 class=\"elementor-heading-title elementor-size-default\">Objetivo de<\/h2>\t\t\t\t<\/div>\n\t\t\t\t<div class=\"elementor-element elementor-element-0384267 elementor-widget elementor-widget-heading\" data-id=\"0384267\" data-element_type=\"widget\" data-e-type=\"widget\" data-widget_type=\"heading.default\">\n\t\t\t\t\t<h2 class=\"elementor-heading-title elementor-size-default\">Fase 1:<\/h2>\t\t\t\t<\/div>\n\t\t\t\t<\/div>\n\t\t<div class=\"elementor-element elementor-element-e670c50 e-con-full e-flex e-con e-child\" data-id=\"e670c50\" data-element_type=\"container\" data-e-type=\"container\">\n\t\t\t\t<div class=\"elementor-element elementor-element-d6220e6 elementor-widget elementor-widget-text-editor\" data-id=\"d6220e6\" data-element_type=\"widget\" data-e-type=\"widget\" data-widget_type=\"text-editor.default\">\n\t\t\t\t\t\t\t\t\tRecopilamos datos directamente de los productores para:\t\t\t\t\t\t\t\t<\/div>\n\t\t\t\t<\/div>\n\t\t\t\t<\/div>\n\t\t<div class=\"elementor-element elementor-element-4779229 e-con-full e-flex e-con e-child\" data-id=\"4779229\" data-element_type=\"container\" data-e-type=\"container\">\n\t\t<div class=\"elementor-element elementor-element-0a9d703 e-con-full e-flex e-con e-child\" data-id=\"0a9d703\" data-element_type=\"container\" data-e-type=\"container\" data-settings=\"{&quot;background_background&quot;:&quot;classic&quot;}\">\n\t\t\t\t<div class=\"elementor-element elementor-element-d7054bd elementor-widget elementor-widget-heading\" data-id=\"d7054bd\" data-element_type=\"widget\" data-e-type=\"widget\" data-widget_type=\"heading.default\">\n\t\t\t\t\t<h2 class=\"elementor-heading-title elementor-size-default\">Medir la capacidad de producci\u00f3n<\/h2>\t\t\t\t<\/div>\n\t\t\t\t<\/div>\n\t\t<div class=\"elementor-element elementor-element-fa09d30 e-con-full e-flex e-con e-child\" data-id=\"fa09d30\" data-element_type=\"container\" data-e-type=\"container\" data-settings=\"{&quot;background_background&quot;:&quot;classic&quot;}\">\n\t\t\t\t<div class=\"elementor-element elementor-element-e34da8d elementor-widget elementor-widget-heading\" data-id=\"e34da8d\" data-element_type=\"widget\" data-e-type=\"widget\" data-widget_type=\"heading.default\">\n\t\t\t\t\t<h2 class=\"elementor-heading-title elementor-size-default\">Identificar excedentes<\/h2>\t\t\t\t<\/div>\n\t\t\t\t<\/div>\n\t\t<div class=\"elementor-element elementor-element-37f0d0b e-con-full e-flex e-con e-child\" data-id=\"37f0d0b\" data-element_type=\"container\" data-e-type=\"container\" data-settings=\"{&quot;background_background&quot;:&quot;classic&quot;}\">\n\t\t\t\t<div class=\"elementor-element elementor-element-3995373 elementor-widget elementor-widget-heading\" data-id=\"3995373\" data-element_type=\"widget\" data-e-type=\"widget\" data-widget_type=\"heading.default\">\n\t\t\t\t\t<h2 class=\"elementor-heading-title elementor-size-default\">Comprender las necesidades de log\u00edstica y distribuci\u00f3n<\/h2>\t\t\t\t<\/div>\n\t\t\t\t<\/div>\n\t\t<div class=\"elementor-element elementor-element-4196b73 e-con-full e-flex e-con e-child\" data-id=\"4196b73\" data-element_type=\"container\" data-e-type=\"container\" data-settings=\"{&quot;background_background&quot;:&quot;classic&quot;}\">\n\t\t\t\t<div class=\"elementor-element elementor-element-ff67f7e elementor-widget elementor-widget-heading\" data-id=\"ff67f7e\" data-element_type=\"widget\" data-e-type=\"widget\" data-widget_type=\"heading.default\">\n\t\t\t\t\t<h2 class=\"elementor-heading-title elementor-size-default\">Detectar oportunidades de coordinaci\u00f3n regional<\/h2>\t\t\t\t<\/div>\n\t\t\t\t<\/div>\n\t\t\t\t<\/div>\n\t\t\t\t\t<\/div>\n\t\t\t\t<\/div>\n\t\t<div class=\"elementor-element elementor-element-e52af86 e-flex e-con-boxed e-con e-parent\" data-id=\"e52af86\" data-element_type=\"container\" data-e-type=\"container\">\n\t\t\t\t\t<div class=\"e-con-inner\">\n\t\t<div class=\"elementor-element elementor-element-d51d304 e-con-full e-flex e-con e-child\" data-id=\"d51d304\" data-element_type=\"container\" data-e-type=\"container\" data-settings=\"{&quot;background_background&quot;:&quot;classic&quot;}\">\n\t\t\t\t<\/div>\n\t\t<div class=\"elementor-element elementor-element-066ea69 e-con-full e-flex e-con e-child\" data-id=\"066ea69\" data-element_type=\"container\" data-e-type=\"container\">\n\t\t\t\t<div class=\"elementor-element elementor-element-452e43e elementor-widget elementor-widget-heading\" data-id=\"452e43e\" data-element_type=\"widget\" data-e-type=\"widget\" data-widget_type=\"heading.default\">\n\t\t\t\t\t<h2 class=\"elementor-heading-title elementor-size-default\">Datos que estamos recopilando<\/h2>\t\t\t\t<\/div>\n\t\t<div class=\"elementor-element elementor-element-470c901 e-con-full e-flex e-con e-child\" data-id=\"470c901\" data-element_type=\"container\" data-e-type=\"container\">\n\t\t<div class=\"elementor-element elementor-element-4fdb255 e-con-full e-flex e-con e-child\" data-id=\"4fdb255\" data-element_type=\"container\" data-e-type=\"container\" data-settings=\"{&quot;background_background&quot;:&quot;classic&quot;}\">\n\t\t\t\t<div class=\"elementor-element elementor-element-c469934 elementor-widget elementor-widget-heading\" data-id=\"c469934\" data-element_type=\"widget\" data-e-type=\"widget\" data-widget_type=\"heading.default\">\n\t\t\t\t\t<h2 class=\"elementor-heading-title elementor-size-default\">Tipo de producci\u00f3n<\/h2>\t\t\t\t<\/div>\n\t\t\t\t<\/div>\n\t\t<div class=\"elementor-element elementor-element-59f67a2 e-con-full e-flex e-con e-child\" data-id=\"59f67a2\" data-element_type=\"container\" data-e-type=\"container\" data-settings=\"{&quot;background_background&quot;:&quot;classic&quot;}\">\n\t\t\t\t<div class=\"elementor-element elementor-element-a9c01a9 elementor-widget elementor-widget-heading\" data-id=\"a9c01a9\" data-element_type=\"widget\" data-e-type=\"widget\" data-widget_type=\"heading.default\">\n\t\t\t\t\t<h2 class=\"elementor-heading-title elementor-size-default\">Capacidad estimada<\/h2>\t\t\t\t<\/div>\n\t\t\t\t<\/div>\n\t\t\t\t<\/div>\n\t\t<div class=\"elementor-element elementor-element-b0b0a4b e-con-full e-flex e-con e-child\" data-id=\"b0b0a4b\" data-element_type=\"container\" data-e-type=\"container\">\n\t\t<div class=\"elementor-element elementor-element-9a612b1 e-con-full e-flex e-con e-child\" data-id=\"9a612b1\" data-element_type=\"container\" data-e-type=\"container\" data-settings=\"{&quot;background_background&quot;:&quot;classic&quot;}\">\n\t\t\t\t<div class=\"elementor-element elementor-element-251b179 elementor-widget elementor-widget-heading\" data-id=\"251b179\" data-element_type=\"widget\" data-e-type=\"widget\" data-widget_type=\"heading.default\">\n\t\t\t\t\t<h2 class=\"elementor-heading-title elementor-size-default\">Estacionalidad de los cultivos<\/h2>\t\t\t\t<\/div>\n\t\t\t\t<\/div>\n\t\t<div class=\"elementor-element elementor-element-c468af7 e-con-full e-flex e-con e-child\" data-id=\"c468af7\" data-element_type=\"container\" data-e-type=\"container\" data-settings=\"{&quot;background_background&quot;:&quot;classic&quot;}\">\n\t\t\t\t<div class=\"elementor-element elementor-element-e9f4f45 elementor-widget elementor-widget-heading\" data-id=\"e9f4f45\" data-element_type=\"widget\" data-e-type=\"widget\" data-widget_type=\"heading.default\">\n\t\t\t\t\t<h2 class=\"elementor-heading-title elementor-size-default\">Necesidades de log\u00edstica y distribuci\u00f3n<\/h2>\t\t\t\t<\/div>\n\t\t\t\t<\/div>\n\t\t\t\t<\/div>\n\t\t\t\t<\/div>\n\t\t\t\t\t<\/div>\n\t\t\t\t<\/div>\n\t\t<div class=\"elementor-element elementor-element-e0e26d5 e-flex e-con-boxed e-con e-parent\" data-id=\"e0e26d5\" data-element_type=\"container\" data-e-type=\"container\" data-settings=\"{&quot;background_background&quot;:&quot;classic&quot;}\">\n\t\t\t\t\t<div class=\"e-con-inner\">\n\t\t\t\t<div class=\"elementor-element elementor-element-e618b23 elementor-widget elementor-widget-heading\" data-id=\"e618b23\" data-element_type=\"widget\" data-e-type=\"widget\" data-widget_type=\"heading.default\">\n\t\t\t\t\t<h2 class=\"elementor-heading-title elementor-size-default\">Confidencial por Dise\u00f1o<\/h2>\t\t\t\t<\/div>\n\t\t\t\t<div class=\"elementor-element elementor-element-3b8986e elementor-widget elementor-widget-text-editor\" data-id=\"3b8986e\" data-element_type=\"widget\" data-e-type=\"widget\" data-widget_type=\"text-editor.default\">\n\t\t\t\t\t\t\t\t\tToda la informaci\u00f3n recopilada se utiliza exclusivamente para an\u00e1lisis estructural. Los datos de productores individuales no se publicar\u00e1n ni compartir\u00e1n p\u00fablicamente.\t\t\t\t\t\t\t\t<\/div>\n\t\t\t\t\t<\/div>\n\t\t\t\t<\/div>\n\t\t<div class=\"elementor-element elementor-element-e6a511b e-flex e-con-boxed e-con e-parent\" data-id=\"e6a511b\" data-element_type=\"container\" data-e-type=\"container\" data-settings=\"{&quot;background_background&quot;:&quot;classic&quot;}\">\n\t\t\t\t\t<div class=\"e-con-inner\">\n\t\t<div class=\"elementor-element elementor-element-0f2eace e-con-full e-flex e-con e-child\" data-id=\"0f2eace\" data-element_type=\"container\" data-e-type=\"container\">\n\t\t\t\t<div class=\"elementor-element elementor-element-6f08d6a elementor-widget elementor-widget-heading\" data-id=\"6f08d6a\" data-element_type=\"widget\" data-e-type=\"widget\" data-widget_type=\"heading.default\">\n\t\t\t\t\t<h2 class=\"elementor-heading-title elementor-size-default\">\u00bfEs usted un productor agr\u00edcola activo en Puerto Rico?<\/h2>\t\t\t\t<\/div>\n\t\t\t\t<div class=\"elementor-element elementor-element-688f59b elementor-widget elementor-widget-text-editor\" data-id=\"688f59b\" data-element_type=\"widget\" data-e-type=\"widget\" data-widget_type=\"text-editor.default\">\n\t\t\t\t\t\t\t\t\tParticipe en este proceso de validaci\u00f3n estructural. Su aportaci\u00f3n ayuda a definir la capacidad de producci\u00f3n real y respalda el desarrollo futuro de infraestructuras en el sector.\t\t\t\t\t\t\t\t<\/div>\n\t\t\t\t<\/div>\n\t\t<div class=\"elementor-element elementor-element-cdbfe83 e-con-full e-flex e-con e-child\" data-id=\"cdbfe83\" data-element_type=\"container\" data-e-type=\"container\">\n\t\t\t\t<div class=\"elementor-element elementor-element-bf1b56d elementor-widget elementor-widget-button\" data-id=\"bf1b56d\" data-element_type=\"widget\" data-e-type=\"widget\" data-widget_type=\"button.default\">\n\t\t\t\t\t\t\t\t\t\t<a class=\"elementor-button elementor-button-link elementor-size-sm\" href=\"https:\/\/taicoqui.com\/es\/formulario-de-microsoft\/\" id=\"btn__svg__size\">\n\t\t\t\t\t\t<span class=\"elementor-button-content-wrapper\">\n\t\t\t\t\t\t<span class=\"elementor-button-icon\">\n\t\t\t\t<svg xmlns=\"http:\/\/www.w3.org\/2000\/svg\" width=\"32\" height=\"32\" viewBox=\"0 0 32 32\" fill=\"none\"><rect width=\"32\" height=\"32\" rx=\"16\" fill=\"white\"><\/rect><path d=\"M25.7071 16.7071C26.0976 16.3166 26.0976 15.6834 25.7071 15.2929L19.3431 8.92893C18.9526 8.53841 18.3195 8.53841 17.9289 8.92893C17.5384 9.31946 17.5384 9.95262 17.9289 10.3431L23.5858 16L17.9289 21.6569C17.5384 22.0474 17.5384 22.6805 17.9289 23.0711C18.3195 23.4616 18.9526 23.4616 19.3431 23.0711L25.7071 16.7071ZM7 16V17H25V16V15H7V16Z\" fill=\"black\"><\/path><\/svg>\t\t\t<\/span>\n\t\t\t\t\t\t\t\t\t<span class=\"elementor-button-text\">Participar en el Mapeo Agr\u00edcola<\/span>\n\t\t\t\t\t<\/span>\n\t\t\t\t\t<\/a>\n\t\t\t\t\t\t\t\t<\/div>\n\t\t\t\t<\/div>\n\t\t\t\t\t<\/div>\n\t\t\t\t<\/div>\n\t\t\t\t<\/div>\n\t\t","protected":false},"excerpt":{"rendered":"<p>Mapeo estructural agr\u00edcola Estamos recopilando datos de productores agr\u00edcolas activos de todo Puerto Rico para comprender la capacidad real de producci\u00f3n. Participar en el Mapeo Agr\u00edcola Solicitar Informaci\u00f3n Objetivo de Fase 1: Recopilamos datos directamente de los productores para: Medir la capacidad de producci\u00f3n Identificar excedentes Comprender las necesidades de log\u00edstica y distribuci\u00f3n Detectar oportunidades [&hellip;]<\/p>\n","protected":false},"author":1,"featured_media":0,"parent":0,"menu_order":0,"comment_status":"closed","ping_status":"closed","template":"","meta":{"footnotes":""},"class_list":["post-1251","page","type-page","status-publish","hentry"],"_hostinger_reach_plugin_has_subscription_block":false,"_hostinger_reach_plugin_is_elementor":false,"_links":{"self":[{"href":"https:\/\/taicoqui.com\/es\/wp-json\/wp\/v2\/pages\/1251","targetHints":{"allow":["GET"]}}],"collection":[{"href":"https:\/\/taicoqui.com\/es\/wp-json\/wp\/v2\/pages"}],"about":[{"href":"https:\/\/taicoqui.com\/es\/wp-json\/wp\/v2\/types\/page"}],"author":[{"embeddable":true,"href":"https:\/\/taicoqui.com\/es\/wp-json\/wp\/v2\/users\/1"}],"replies":[{"embeddable":true,"href":"https:\/\/taicoqui.com\/es\/wp-json\/wp\/v2\/comments?post=1251"}],"version-history":[{"count":4,"href":"https:\/\/taicoqui.com\/es\/wp-json\/wp\/v2\/pages\/1251\/revisions"}],"predecessor-version":[{"id":1641,"href":"https:\/\/taicoqui.com\/es\/wp-json\/wp\/v2\/pages\/1251\/revisions\/1641"}],"wp:attachment":[{"href":"https:\/\/taicoqui.com\/es\/wp-json\/wp\/v2\/media?parent=1251"}],"curies":[{"name":"wp","href":"https:\/\/api.w.org\/{rel}","templated":true}]}}