{"id":1255,"date":"2026-03-31T09:29:05","date_gmt":"2026-03-31T09:29:05","guid":{"rendered":"https:\/\/taicoqui.com\/acerca-de-nosotros\/"},"modified":"2026-04-06T15:09:01","modified_gmt":"2026-04-06T15:09:01","slug":"acerca-de-nosotros","status":"publish","type":"page","link":"https:\/\/taicoqui.com\/es\/acerca-de-nosotros\/","title":{"rendered":"Qui\u00e9nes somos"},"content":{"rendered":"\t\t<div data-elementor-type=\"wp-page\" data-elementor-id=\"1255\" class=\"elementor elementor-1255 elementor-42\">\n\t\t\t\t<div class=\"elementor-element elementor-element-48feb55 e-flex e-con-boxed e-con e-parent\" data-id=\"48feb55\" data-element_type=\"container\" data-e-type=\"container\" data-settings=\"{&quot;background_background&quot;:&quot;classic&quot;}\">\n\t\t\t\t\t<div class=\"e-con-inner\">\n\t\t\t\t<div class=\"elementor-element elementor-element-9cf5360 elementor-widget elementor-widget-heading\" data-id=\"9cf5360\" data-element_type=\"widget\" data-e-type=\"widget\" data-widget_type=\"heading.default\">\n\t\t\t\t\t<h2 class=\"elementor-heading-title elementor-size-default\">Ta\u00edCoqu\u00ed<\/h2>\t\t\t\t<\/div>\n\t\t\t\t<div class=\"elementor-element elementor-element-55ebf5f elementor-widget elementor-widget-heading\" data-id=\"55ebf5f\" data-element_type=\"widget\" data-e-type=\"widget\" data-widget_type=\"heading.default\">\n\t\t\t\t\t<h2 class=\"elementor-heading-title elementor-size-default\">Construyendo Infraestructura Agr\u00edcola a Trav\u00e9s de la Coordinaci\u00f3n<\/h2>\t\t\t\t<\/div>\n\t\t<div class=\"elementor-element elementor-element-1c6e1cc e-con-full e-flex e-con e-child\" data-id=\"1c6e1cc\" data-element_type=\"container\" data-e-type=\"container\">\n\t\t\t\t<div class=\"elementor-element elementor-element-3b579ce elementor-widget elementor-widget-button\" data-id=\"3b579ce\" data-element_type=\"widget\" data-e-type=\"widget\" data-widget_type=\"button.default\">\n\t\t\t\t\t\t\t\t\t\t<a class=\"elementor-button elementor-button-link elementor-size-sm\" href=\"https:\/\/taicoqui.com\/es\/formulario-de-microsoft\/\" id=\"btn__svg__size\">\n\t\t\t\t\t\t<span class=\"elementor-button-content-wrapper\">\n\t\t\t\t\t\t<span class=\"elementor-button-icon\">\n\t\t\t\t<svg xmlns=\"http:\/\/www.w3.org\/2000\/svg\" width=\"32\" height=\"32\" viewBox=\"0 0 32 32\" fill=\"none\"><rect width=\"32\" height=\"32\" rx=\"16\" fill=\"white\"><\/rect><path d=\"M25.7071 16.7071C26.0976 16.3166 26.0976 15.6834 25.7071 15.2929L19.3431 8.92893C18.9526 8.53841 18.3195 8.53841 17.9289 8.92893C17.5384 9.31946 17.5384 9.95262 17.9289 10.3431L23.5858 16L17.9289 21.6569C17.5384 22.0474 17.5384 22.6805 17.9289 23.0711C18.3195 23.4616 18.9526 23.4616 19.3431 23.0711L25.7071 16.7071ZM7 16V17H25V16V15H7V16Z\" fill=\"black\"><\/path><\/svg>\t\t\t<\/span>\n\t\t\t\t\t\t\t\t\t<span class=\"elementor-button-text\">Participar en el Mapeo Agr\u00edcola<\/span>\n\t\t\t\t\t<\/span>\n\t\t\t\t\t<\/a>\n\t\t\t\t\t\t\t\t<\/div>\n\t\t\t\t<div class=\"elementor-element elementor-element-a121330 elementor-widget elementor-widget-button\" data-id=\"a121330\" data-element_type=\"widget\" data-e-type=\"widget\" data-widget_type=\"button.default\">\n\t\t\t\t\t\t\t\t\t\t<a class=\"elementor-button elementor-button-link elementor-size-sm\" href=\"https:\/\/taicoqui.com\/es\/contacto\/\" id=\"btn__svg__size\">\n\t\t\t\t\t\t<span class=\"elementor-button-content-wrapper\">\n\t\t\t\t\t\t<span class=\"elementor-button-icon\">\n\t\t\t\t<svg xmlns=\"http:\/\/www.w3.org\/2000\/svg\" width=\"32\" height=\"32\" viewBox=\"0 0 32 32\" fill=\"none\"><rect width=\"32\" height=\"32\" rx=\"16\" fill=\"#ADBF3E\"><\/rect><path d=\"M25.7071 16.7071C26.0976 16.3166 26.0976 15.6834 25.7071 15.2929L19.3431 8.92893C18.9526 8.53841 18.3195 8.53841 17.9289 8.92893C17.5384 9.31946 17.5384 9.95262 17.9289 10.3431L23.5858 16L17.9289 21.6569C17.5384 22.0474 17.5384 22.6805 17.9289 23.0711C18.3195 23.4616 18.9526 23.4616 19.3431 23.0711L25.7071 16.7071ZM7 16V17H25V16V15H7V16Z\" fill=\"black\"><\/path><\/svg>\t\t\t<\/span>\n\t\t\t\t\t\t\t\t\t<span class=\"elementor-button-text\">Solicitar Informaci\u00f3n<\/span>\n\t\t\t\t\t<\/span>\n\t\t\t\t\t<\/a>\n\t\t\t\t\t\t\t\t<\/div>\n\t\t\t\t<\/div>\n\t\t\t\t\t<\/div>\n\t\t\t\t<\/div>\n\t\t<div class=\"elementor-element elementor-element-751d67d e-flex e-con-boxed e-con e-parent\" data-id=\"751d67d\" data-element_type=\"container\" data-e-type=\"container\" data-settings=\"{&quot;background_background&quot;:&quot;classic&quot;}\">\n\t\t\t\t\t<div class=\"e-con-inner\">\n\t\t<div class=\"elementor-element elementor-element-cdc5c04 e-con-full e-flex e-con e-child\" data-id=\"cdc5c04\" data-element_type=\"container\" data-e-type=\"container\">\n\t\t<div class=\"elementor-element elementor-element-cbf850d e-con-full e-flex e-con e-child\" data-id=\"cbf850d\" data-element_type=\"container\" data-e-type=\"container\">\n\t\t\t\t<div class=\"elementor-element elementor-element-9863297 elementor-widget elementor-widget-heading\" data-id=\"9863297\" data-element_type=\"widget\" data-e-type=\"widget\" data-widget_type=\"heading.default\">\n\t\t\t\t\t<h2 class=\"elementor-heading-title elementor-size-default\">Nuestra Historia<\/h2>\t\t\t\t<\/div>\n\t\t\t\t<div class=\"elementor-element elementor-element-69b5b75 elementor-widget elementor-widget-text-editor\" data-id=\"69b5b75\" data-element_type=\"widget\" data-e-type=\"widget\" data-widget_type=\"text-editor.default\">\n\t\t\t\t\t\t\t\t\tTa\u00edCoqu\u00ed est\u00e1 desarrollando infraestructura agr\u00edcola en Puerto Rico mediante datos estructurados, coordinaci\u00f3n y ejecuci\u00f3n por fases.\t\t\t\t\t\t\t\t<\/div>\n\t\t\t\t<div class=\"elementor-element elementor-element-ab298a1 elementor-widget elementor-widget-text-editor\" data-id=\"ab298a1\" data-element_type=\"widget\" data-e-type=\"widget\" data-widget_type=\"text-editor.default\">\n\t\t\t\t\t\t\t\t\tComenzamos validando la capacidad de producci\u00f3n real en toda la isla e identificando carencias en procesamiento, log\u00edstica y acceso al mercado.\t\t\t\t\t\t\t\t<\/div>\n\t\t\t\t<div class=\"elementor-element elementor-element-286def9 elementor-widget elementor-widget-text-editor\" data-id=\"286def9\" data-element_type=\"widget\" data-e-type=\"widget\" data-widget_type=\"text-editor.default\">\n\t\t\t\t\t\t\t\t\tActualmente trabajamos directamente con productores en Puerto Rico como parte de nuestra fase inicial de validaci\u00f3n estructural.\t\t\t\t\t\t\t\t<\/div>\n\t\t\t\t<div class=\"elementor-element elementor-element-709c7cb elementor-widget elementor-widget-text-editor\" data-id=\"709c7cb\" data-element_type=\"widget\" data-e-type=\"widget\" data-widget_type=\"text-editor.default\">\n\t\t\t\t\t\t\t\t\tEsto permite la transici\u00f3n de una actividad agr\u00edcola fragmentada a una infraestructura coordinada, basada en datos verificados y una ejecuci\u00f3n alineada.\t\t\t\t\t\t\t\t<\/div>\n\t\t\t\t<\/div>\n\t\t\t\t<\/div>\n\t\t\t\t\t<\/div>\n\t\t\t\t<\/div>\n\t\t<div class=\"elementor-element elementor-element-e6464e7 e-flex e-con-boxed e-con e-parent\" data-id=\"e6464e7\" data-element_type=\"container\" data-e-type=\"container\" data-settings=\"{&quot;background_background&quot;:&quot;classic&quot;}\">\n\t\t\t\t\t<div class=\"e-con-inner\">\n\t\t<div class=\"elementor-element elementor-element-e22d66e e-con-full e-flex e-con e-child\" data-id=\"e22d66e\" data-element_type=\"container\" data-e-type=\"container\">\n\t\t\t\t<div class=\"elementor-element elementor-element-030397f elementor-widget__width-initial elementor-widget elementor-widget-heading\" data-id=\"030397f\" data-element_type=\"widget\" data-e-type=\"widget\" data-widget_type=\"heading.default\">\n\t\t\t\t\t<h2 class=\"elementor-heading-title elementor-size-default\">Ta\u00edCoqu\u00ed est\u00e1 implementando fases estructuradas.<\/h2>\t\t\t\t<\/div>\n\t\t\t\t<\/div>\n\t\t<div class=\"elementor-element elementor-element-a481c6e e-con-full e-flex e-con e-child\" data-id=\"a481c6e\" data-element_type=\"container\" data-e-type=\"container\">\n\t\t<div class=\"elementor-element elementor-element-45aa3c3 e-con-full elementor-hidden-tablet elementor-hidden-mobile e-flex e-con e-child\" data-id=\"45aa3c3\" data-element_type=\"container\" data-e-type=\"container\">\n\t\t\t\t<\/div>\n\t\t<div class=\"elementor-element elementor-element-11ff945 e-con-full e-flex e-con e-child\" data-id=\"11ff945\" data-element_type=\"container\" data-e-type=\"container\">\n\t\t\t\t<div class=\"elementor-element elementor-element-73a248f elementor-widget__width-initial elementor-widget-tablet__width-inherit elementor-widget elementor-widget-heading\" data-id=\"73a248f\" data-element_type=\"widget\" data-e-type=\"widget\" data-widget_type=\"heading.default\">\n\t\t\t\t\t<h2 class=\"elementor-heading-title elementor-size-default\">Cada fase transita de la validaci\u00f3n a la ejecuci\u00f3n, garantizando que el desarrollo de la infraestructura se base en datos reales de producci\u00f3n y se alinee con la demanda del mercado.<\/h2>\t\t\t\t<\/div>\n\t\t\t\t<\/div>\n\t\t\t\t<\/div>\n\t\t\t\t\t<\/div>\n\t\t\t\t<\/div>\n\t\t<div class=\"elementor-element elementor-element-05980fc e-flex e-con-boxed e-con e-parent\" data-id=\"05980fc\" data-element_type=\"container\" data-e-type=\"container\">\n\t\t\t\t\t<div class=\"e-con-inner\">\n\t\t<div class=\"elementor-element elementor-element-9844716 e-con-full e-flex e-con e-child\" data-id=\"9844716\" data-element_type=\"container\" data-e-type=\"container\">\n\t\t\t\t<div class=\"elementor-element elementor-element-90b1b9a elementor-widget elementor-widget-heading\" data-id=\"90b1b9a\" data-element_type=\"widget\" data-e-type=\"widget\" data-widget_type=\"heading.default\">\n\t\t\t\t\t<h2 class=\"elementor-heading-title elementor-size-default\">Fase 1<\/h2>\t\t\t\t<\/div>\n\t\t\t\t<div class=\"elementor-element elementor-element-205a796 elementor-widget__width-initial elementor-widget-tablet__width-inherit elementor-widget elementor-widget-text-editor\" data-id=\"205a796\" data-element_type=\"widget\" data-e-type=\"widget\" data-widget_type=\"text-editor.default\">\n\t\t\t\t\t\t\t\t\tComprender qu\u00e9 se produce, d\u00f3nde y a qu\u00e9 escala.\t\t\t\t\t\t\t\t<\/div>\n\t\t\t\t<\/div>\n\t\t<div class=\"elementor-element elementor-element-059e151 e-con-full e-flex e-con e-child\" data-id=\"059e151\" data-element_type=\"container\" data-e-type=\"container\">\n\t\t\t\t<div class=\"elementor-element elementor-element-fcdeac1 elementor-widget elementor-widget-heading\" data-id=\"fcdeac1\" data-element_type=\"widget\" data-e-type=\"widget\" data-widget_type=\"heading.default\">\n\t\t\t\t\t<h2 class=\"elementor-heading-title elementor-size-default\">Fase 2<\/h2>\t\t\t\t<\/div>\n\t\t\t\t<div class=\"elementor-element elementor-element-365dbb7 elementor-widget__width-initial elementor-widget-tablet__width-inherit elementor-widget elementor-widget-text-editor\" data-id=\"365dbb7\" data-element_type=\"widget\" data-e-type=\"widget\" data-widget_type=\"text-editor.default\">\n\t\t\t\t\t\t\t\t\tCoordinaci\u00f3n de la producci\u00f3n, la infraestructura y el acceso al mercado.\t\t\t\t\t\t\t\t<\/div>\n\t\t\t\t<\/div>\n\t\t\t\t\t<\/div>\n\t\t\t\t<\/div>\n\t\t<div class=\"elementor-element elementor-element-2b5dedf e-flex e-con-boxed e-con e-parent\" data-id=\"2b5dedf\" data-element_type=\"container\" data-e-type=\"container\" data-settings=\"{&quot;background_background&quot;:&quot;classic&quot;}\">\n\t\t\t\t\t<div class=\"e-con-inner\">\n\t\t<div class=\"elementor-element elementor-element-626762b e-con-full e-flex e-con e-child\" data-id=\"626762b\" data-element_type=\"container\" data-e-type=\"container\" data-settings=\"{&quot;background_background&quot;:&quot;classic&quot;}\">\n\t\t\t\t<\/div>\n\t\t<div class=\"elementor-element elementor-element-7395089 e-con-full e-flex e-con e-child\" data-id=\"7395089\" data-element_type=\"container\" data-e-type=\"container\">\n\t\t\t\t<div class=\"elementor-element elementor-element-56ea3d6 elementor-widget elementor-widget-heading\" data-id=\"56ea3d6\" data-element_type=\"widget\" data-e-type=\"widget\" data-widget_type=\"heading.default\">\n\t\t\t\t\t<h2 class=\"elementor-heading-title elementor-size-default\">Ta\u00edCoqu\u00ed est\u00e1 liderado por un equipo con experiencia en desarrollo de negocios, operaciones agr\u00edcolas y creaci\u00f3n de sistemas escalables en m\u00faltiples sectores.<\/h2>\t\t\t\t<\/div>\n\t\t\t\t<div class=\"elementor-element elementor-element-ad3f340 elementor-widget-tablet__width-inherit elementor-widget elementor-widget-text-editor\" data-id=\"ad3f340\" data-element_type=\"widget\" data-e-type=\"widget\" data-widget_type=\"text-editor.default\">\n\t\t\t\t\t\t\t\t\tEl enfoque se centra en la ejecuci\u00f3n, el desarrollo de infraestructuras a largo plazo y la creaci\u00f3n de un impacto econ\u00f3mico medible.\t\t\t\t\t\t\t\t<\/div>\n\t\t<div class=\"elementor-element elementor-element-150dc16 e-con-full e-flex e-con e-child\" data-id=\"150dc16\" data-element_type=\"container\" data-e-type=\"container\">\n\t\t<div class=\"elementor-element elementor-element-802a238 e-con-full e-flex e-con e-child\" data-id=\"802a238\" data-element_type=\"container\" data-e-type=\"container\" data-settings=\"{&quot;background_background&quot;:&quot;classic&quot;}\">\n\t\t\t\t<div class=\"elementor-element elementor-element-5c21841 elementor-widget elementor-widget-heading\" data-id=\"5c21841\" data-element_type=\"widget\" data-e-type=\"widget\" data-widget_type=\"heading.default\">\n\t\t\t\t\t<h2 class=\"elementor-heading-title elementor-size-default\">Desarrollo empresarial<\/h2>\t\t\t\t<\/div>\n\t\t\t\t<\/div>\n\t\t<div class=\"elementor-element elementor-element-f4bcf26 e-con-full e-flex e-con e-child\" data-id=\"f4bcf26\" data-element_type=\"container\" data-e-type=\"container\" data-settings=\"{&quot;background_background&quot;:&quot;classic&quot;}\">\n\t\t\t\t<div class=\"elementor-element elementor-element-2abc272 elementor-widget elementor-widget-heading\" data-id=\"2abc272\" data-element_type=\"widget\" data-e-type=\"widget\" data-widget_type=\"heading.default\">\n\t\t\t\t\t<h2 class=\"elementor-heading-title elementor-size-default\">Operaciones agr\u00edcolas<\/h2>\t\t\t\t<\/div>\n\t\t\t\t<\/div>\n\t\t\t\t<\/div>\n\t\t<div class=\"elementor-element elementor-element-4c89366 e-con-full e-flex e-con e-child\" data-id=\"4c89366\" data-element_type=\"container\" data-e-type=\"container\">\n\t\t<div class=\"elementor-element elementor-element-9d20ab3 e-con-full e-flex e-con e-child\" data-id=\"9d20ab3\" data-element_type=\"container\" data-e-type=\"container\" data-settings=\"{&quot;background_background&quot;:&quot;classic&quot;}\">\n\t\t\t\t<div class=\"elementor-element elementor-element-cb0518f elementor-widget elementor-widget-heading\" data-id=\"cb0518f\" data-element_type=\"widget\" data-e-type=\"widget\" data-widget_type=\"heading.default\">\n\t\t\t\t\t<h2 class=\"elementor-heading-title elementor-size-default\">Innovaci\u00f3n alimentaria<\/h2>\t\t\t\t<\/div>\n\t\t\t\t<\/div>\n\t\t<div class=\"elementor-element elementor-element-6f4efc7 e-con-full e-flex e-con e-child\" data-id=\"6f4efc7\" data-element_type=\"container\" data-e-type=\"container\" data-settings=\"{&quot;background_background&quot;:&quot;classic&quot;}\">\n\t\t\t\t<div class=\"elementor-element elementor-element-298beaf elementor-widget elementor-widget-heading\" data-id=\"298beaf\" data-element_type=\"widget\" data-e-type=\"widget\" data-widget_type=\"heading.default\">\n\t\t\t\t\t<h2 class=\"elementor-heading-title elementor-size-default\">Comercio internacional<\/h2>\t\t\t\t<\/div>\n\t\t\t\t<\/div>\n\t\t\t\t<\/div>\n\t\t\t\t<div class=\"elementor-element elementor-element-6d39b75 elementor-widget elementor-widget-heading\" data-id=\"6d39b75\" data-element_type=\"widget\" data-e-type=\"widget\" data-widget_type=\"heading.default\">\n\t\t\t\t\t<h2 class=\"elementor-heading-title elementor-size-default\">\u00bfPor Qu\u00e9 Participar?<\/h2>\t\t\t\t<\/div>\n\t\t<div class=\"elementor-element elementor-element-6cbcc35 e-con-full e-flex e-con e-child\" data-id=\"6cbcc35\" data-element_type=\"container\" data-e-type=\"container\">\n\t\t<div class=\"elementor-element elementor-element-69ea78d e-con-full e-flex e-con e-child\" data-id=\"69ea78d\" data-element_type=\"container\" data-e-type=\"container\" data-settings=\"{&quot;background_background&quot;:&quot;classic&quot;}\">\n\t\t\t\t<div class=\"elementor-element elementor-element-b729de7 elementor-widget elementor-widget-heading\" data-id=\"b729de7\" data-element_type=\"widget\" data-e-type=\"widget\" data-widget_type=\"heading.default\">\n\t\t\t\t\t<h2 class=\"elementor-heading-title elementor-size-default\">Reforzar la coordinaci\u00f3n agr\u00edcola entre regiones<\/h2>\t\t\t\t<\/div>\n\t\t\t\t<\/div>\n\t\t<div class=\"elementor-element elementor-element-b5c9a51 e-con-full e-flex e-con e-child\" data-id=\"b5c9a51\" data-element_type=\"container\" data-e-type=\"container\" data-settings=\"{&quot;background_background&quot;:&quot;classic&quot;}\">\n\t\t\t\t<div class=\"elementor-element elementor-element-19c8f8b elementor-widget elementor-widget-heading\" data-id=\"19c8f8b\" data-element_type=\"widget\" data-e-type=\"widget\" data-widget_type=\"heading.default\">\n\t\t\t\t\t<h2 class=\"elementor-heading-title elementor-size-default\">Facilitar el desarrollo del procesamiento y la infraestructura<\/h2>\t\t\t\t<\/div>\n\t\t\t\t<\/div>\n\t\t\t\t<\/div>\n\t\t<div class=\"elementor-element elementor-element-18cc037 e-con-full e-flex e-con e-child\" data-id=\"18cc037\" data-element_type=\"container\" data-e-type=\"container\">\n\t\t<div class=\"elementor-element elementor-element-cf7a856 e-con-full e-flex e-con e-child\" data-id=\"cf7a856\" data-element_type=\"container\" data-e-type=\"container\" data-settings=\"{&quot;background_background&quot;:&quot;classic&quot;}\">\n\t\t\t\t<div class=\"elementor-element elementor-element-bdedf1e elementor-widget elementor-widget-heading\" data-id=\"bdedf1e\" data-element_type=\"widget\" data-e-type=\"widget\" data-widget_type=\"heading.default\">\n\t\t\t\t\t<h2 class=\"elementor-heading-title elementor-size-default\">Ampliar el acceso a los mercados locales y globales<\/h2>\t\t\t\t<\/div>\n\t\t\t\t<\/div>\n\t\t<div class=\"elementor-element elementor-element-42d4f95 e-con-full e-flex e-con e-child\" data-id=\"42d4f95\" data-element_type=\"container\" data-e-type=\"container\" data-settings=\"{&quot;background_background&quot;:&quot;classic&quot;}\">\n\t\t\t\t<div class=\"elementor-element elementor-element-211ddd3 elementor-widget elementor-widget-heading\" data-id=\"211ddd3\" data-element_type=\"widget\" data-e-type=\"widget\" data-widget_type=\"heading.default\">\n\t\t\t\t\t<h2 class=\"elementor-heading-title elementor-size-default\">Apoyar el crecimiento y la resiliencia agr\u00edcolas a largo plazo<\/h2>\t\t\t\t<\/div>\n\t\t\t\t<\/div>\n\t\t\t\t<\/div>\n\t\t\t\t<\/div>\n\t\t\t\t\t<\/div>\n\t\t\t\t<\/div>\n\t\t<div class=\"elementor-element elementor-element-d29fb1d e-flex e-con-boxed e-con e-parent\" data-id=\"d29fb1d\" data-element_type=\"container\" data-e-type=\"container\" data-settings=\"{&quot;background_background&quot;:&quot;classic&quot;}\">\n\t\t\t\t\t<div class=\"e-con-inner\">\n\t\t\t\t<div class=\"elementor-element elementor-element-48e9f1e elementor-widget elementor-widget-heading\" data-id=\"48e9f1e\" data-element_type=\"widget\" data-e-type=\"widget\" data-widget_type=\"heading.default\">\n\t\t\t\t\t<h2 class=\"elementor-heading-title elementor-size-default\">Confidencial por Dise\u00f1o<\/h2>\t\t\t\t<\/div>\n\t\t\t\t<div class=\"elementor-element elementor-element-70f915e elementor-widget elementor-widget-text-editor\" data-id=\"70f915e\" data-element_type=\"widget\" data-e-type=\"widget\" data-widget_type=\"text-editor.default\">\n\t\t\t\t\t\t\t\t\tToda la informaci\u00f3n recopilada se utiliza exclusivamente para an\u00e1lisis estructural. Los datos de productores individuales no se publicar\u00e1n ni compartir\u00e1n p\u00fablicamente.\t\t\t\t\t\t\t\t<\/div>\n\t\t\t\t\t<\/div>\n\t\t\t\t<\/div>\n\t\t<div class=\"elementor-element elementor-element-8709ecd e-flex e-con-boxed e-con e-parent\" data-id=\"8709ecd\" data-element_type=\"container\" data-e-type=\"container\" data-settings=\"{&quot;background_background&quot;:&quot;classic&quot;}\">\n\t\t\t\t\t<div class=\"e-con-inner\">\n\t\t<div class=\"elementor-element elementor-element-7950bf0 e-con-full e-flex e-con e-child\" data-id=\"7950bf0\" data-element_type=\"container\" data-e-type=\"container\">\n\t\t\t\t<div class=\"elementor-element elementor-element-7d93ecd elementor-widget elementor-widget-heading\" data-id=\"7d93ecd\" data-element_type=\"widget\" data-e-type=\"widget\" data-widget_type=\"heading.default\">\n\t\t\t\t\t<h2 class=\"elementor-heading-title elementor-size-default\">\u00bfEs usted un productor agr\u00edcola activo en Puerto Rico?<\/h2>\t\t\t\t<\/div>\n\t\t\t\t<div class=\"elementor-element elementor-element-3983258 elementor-widget elementor-widget-text-editor\" data-id=\"3983258\" data-element_type=\"widget\" data-e-type=\"widget\" data-widget_type=\"text-editor.default\">\n\t\t\t\t\t\t\t\t\tParticipe en este proceso de validaci\u00f3n estructural. Su aportaci\u00f3n ayuda a definir la capacidad de producci\u00f3n real y respalda el desarrollo futuro de infraestructuras en el sector.\t\t\t\t\t\t\t\t<\/div>\n\t\t\t\t<\/div>\n\t\t<div class=\"elementor-element elementor-element-16dbb85 e-con-full e-flex e-con e-child\" data-id=\"16dbb85\" data-element_type=\"container\" data-e-type=\"container\">\n\t\t\t\t<div class=\"elementor-element elementor-element-d8ef940 elementor-widget elementor-widget-button\" data-id=\"d8ef940\" data-element_type=\"widget\" data-e-type=\"widget\" data-widget_type=\"button.default\">\n\t\t\t\t\t\t\t\t\t\t<a class=\"elementor-button elementor-button-link elementor-size-sm\" href=\"https:\/\/taicoqui.com\/es\/formulario-de-microsoft\/\" id=\"btn__svg__size\">\n\t\t\t\t\t\t<span class=\"elementor-button-content-wrapper\">\n\t\t\t\t\t\t<span class=\"elementor-button-icon\">\n\t\t\t\t<svg xmlns=\"http:\/\/www.w3.org\/2000\/svg\" width=\"32\" height=\"32\" viewBox=\"0 0 32 32\" fill=\"none\"><rect width=\"32\" height=\"32\" rx=\"16\" fill=\"white\"><\/rect><path d=\"M25.7071 16.7071C26.0976 16.3166 26.0976 15.6834 25.7071 15.2929L19.3431 8.92893C18.9526 8.53841 18.3195 8.53841 17.9289 8.92893C17.5384 9.31946 17.5384 9.95262 17.9289 10.3431L23.5858 16L17.9289 21.6569C17.5384 22.0474 17.5384 22.6805 17.9289 23.0711C18.3195 23.4616 18.9526 23.4616 19.3431 23.0711L25.7071 16.7071ZM7 16V17H25V16V15H7V16Z\" fill=\"black\"><\/path><\/svg>\t\t\t<\/span>\n\t\t\t\t\t\t\t\t\t<span class=\"elementor-button-text\">Participar en el Mapeo Agr\u00edcola<\/span>\n\t\t\t\t\t<\/span>\n\t\t\t\t\t<\/a>\n\t\t\t\t\t\t\t\t<\/div>\n\t\t\t\t<\/div>\n\t\t\t\t\t<\/div>\n\t\t\t\t<\/div>\n\t\t\t\t<\/div>\n\t\t","protected":false},"excerpt":{"rendered":"<p>Ta\u00edCoqu\u00ed Construyendo Infraestructura Agr\u00edcola a Trav\u00e9s de la Coordinaci\u00f3n Participar en el Mapeo Agr\u00edcola Solicitar Informaci\u00f3n Nuestra Historia Ta\u00edCoqu\u00ed est\u00e1 desarrollando infraestructura agr\u00edcola en Puerto Rico mediante datos estructurados, coordinaci\u00f3n y ejecuci\u00f3n por fases.Comenzamos validando la capacidad de producci\u00f3n real en toda la isla e identificando carencias en procesamiento, log\u00edstica y acceso al mercado.Actualmente trabajamos [&hellip;]<\/p>\n","protected":false},"author":1,"featured_media":0,"parent":0,"menu_order":0,"comment_status":"closed","ping_status":"closed","template":"","meta":{"footnotes":""},"class_list":["post-1255","page","type-page","status-publish","hentry"],"_hostinger_reach_plugin_has_subscription_block":false,"_hostinger_reach_plugin_is_elementor":false,"_links":{"self":[{"href":"https:\/\/taicoqui.com\/es\/wp-json\/wp\/v2\/pages\/1255","targetHints":{"allow":["GET"]}}],"collection":[{"href":"https:\/\/taicoqui.com\/es\/wp-json\/wp\/v2\/pages"}],"about":[{"href":"https:\/\/taicoqui.com\/es\/wp-json\/wp\/v2\/types\/page"}],"author":[{"embeddable":true,"href":"https:\/\/taicoqui.com\/es\/wp-json\/wp\/v2\/users\/1"}],"replies":[{"embeddable":true,"href":"https:\/\/taicoqui.com\/es\/wp-json\/wp\/v2\/comments?post=1255"}],"version-history":[{"count":6,"href":"https:\/\/taicoqui.com\/es\/wp-json\/wp\/v2\/pages\/1255\/revisions"}],"predecessor-version":[{"id":1653,"href":"https:\/\/taicoqui.com\/es\/wp-json\/wp\/v2\/pages\/1255\/revisions\/1653"}],"wp:attachment":[{"href":"https:\/\/taicoqui.com\/es\/wp-json\/wp\/v2\/media?parent=1255"}],"curies":[{"name":"wp","href":"https:\/\/api.w.org\/{rel}","templated":true}]}}